{"id":19075,"date":"2021-11-27T16:53:37","date_gmt":"2021-11-27T16:53:37","guid":{"rendered":"http:\/\/blumen-saurs.com\/vertrieb-kontaktieren\/"},"modified":"2021-11-30T23:33:45","modified_gmt":"2021-11-30T23:33:45","slug":"vertrieb-kontaktieren","status":"publish","type":"page","link":"https:\/\/www.innform.io\/de\/vertrieb-kontaktieren\/","title":{"rendered":"Sales kontaktieren"},"content":{"rendered":"\t<section class=\"section\" id=\"section_2000149581\">\n\t\t<div class=\"bg section-bg fill bg-fill  bg-loaded\" >\n\n\t\t\t\n\t\t\t\n\t\t\t\n\n\t\t<\/div>\n\n\t\t\n\n\t\t<div class=\"section-content relative\">\n\t\t\t\n\t<div id=\"gap-1836914508\" class=\"gap-element clearfix\" style=\"display:block; height:auto;\">\n\t\t\n<style>\n#gap-1836914508 {\n  padding-top: 90px;\n}\n<\/style>\n\t<\/div>\n\t\n<div class=\"row\"  id=\"row-649688402\">\n\n\t<div id=\"col-1138650801\" class=\"col medium-3 small-12 large-3\"  >\n\t\t\t\t<div class=\"col-inner\"  >\n\t\t\t\n\t\t\t\n\t\t<\/div>\n\t\t\t\t\t<\/div>\n\n\t\n\n\t<div id=\"col-990299835\" class=\"col medium-6 small-12 large-6\"  >\n\t\t\t\t<div class=\"col-inner\"  >\n\t\t\t\n\t\t\t\n<h3 style=\"font-size: 40px;font-family: sofia-pro;line-height: 41px;font-weight: 500;text-align: center\">Sales Team kontaktieren<\/h3>\n<p style=\"text-align: center;font-family: sofia-pro;font-size: 20px;line-height: 30px;margin-bottom: 0px;padding-right: 10px;padding-left: 10px\">Kontaktiere uns noch heute, um zu erfahren, wie Innform dein Unternehmen unterst\u00fctzen kann. F\u00fclle das Formular aus und unsere Experten beraten dich \u00fcber die besten L\u00f6sungen zur Gestaltung deiner Online-Schulungen.<\/p>\n\t\t<\/div>\n\t\t\t\t\n<style>\n#col-990299835 > .col-inner {\n  margin: 0px 0px -27px 0px;\n}\n<\/style>\n\t<\/div>\n\n\t\n\n\t<div id=\"col-1557666388\" class=\"col medium-3 small-12 large-3\"  >\n\t\t\t\t<div class=\"col-inner\"  >\n\t\t\t\n\t\t\t\n\t\t<\/div>\n\t\t\t\t\t<\/div>\n\n\t\n<\/div>\n\t<div id=\"gap-1726375250\" class=\"gap-element clearfix\" style=\"display:block; height:auto;\">\n\t\t\n<style>\n#gap-1726375250 {\n  padding-top: 90px;\n}\n<\/style>\n\t<\/div>\n\t\n\t\t<\/div>\n\n\t\t\n<style>\n#section_2000149581 {\n  padding-top: 0px;\n  padding-bottom: 0px;\n  background-color: rgb(243, 243, 243);\n}\n<\/style>\n\t<\/section>\n\t\n\t<section class=\"section\" id=\"section_1475106307\">\n\t\t<div class=\"bg section-bg fill bg-fill  bg-loaded\" >\n\n\t\t\t\n\t\t\t\n\t\t\t\n\n\t\t<\/div>\n\n\t\t\n\n\t\t<div class=\"section-content relative\">\n\t\t\t\n\t<div id=\"gap-942755421\" class=\"gap-element clearfix\" style=\"display:block; height:auto;\">\n\t\t\n<style>\n#gap-942755421 {\n  padding-top: 71px;\n}\n<\/style>\n\t<\/div>\n\t\n<div class=\"row\"  id=\"row-2076124550\">\n\n\t<div id=\"col-857819133\" class=\"col medium-1 small-12 large-1\"  >\n\t\t\t\t<div class=\"col-inner\"  >\n\t\t\t\n\t\t\t\n\t\t<\/div>\n\t\t\t\t\t<\/div>\n\n\t\n\n\t<div id=\"col-56511116\" class=\"col medium-10 small-12 large-10\"  >\n\t\t\t\t<div class=\"col-inner\"  >\n\t\t\t\n\t\t\t\n<div class=\"row row-large align-middle\"  id=\"row-124912165\">\n\n\t<div id=\"col-1925620285\" class=\"col medium-6 small-12 large-6\"  >\n\t\t\t\t<div class=\"col-inner\"  >\n\t\t\t\n\t\t\t\n\n<div class=\"wpcf7 no-js\" id=\"wpcf7-f19547-o1\" lang=\"en-US\" dir=\"ltr\" data-wpcf7-id=\"19547\">\n<div class=\"screen-reader-response\"><p role=\"status\" aria-live=\"polite\" aria-atomic=\"true\"><\/p> <ul><\/ul><\/div>\n<form action=\"\/de\/wp-json\/wp\/v2\/pages\/19075#wpcf7-f19547-o1\" method=\"post\" class=\"wpcf7-form init\" aria-label=\"Contact form\" novalidate=\"novalidate\" data-status=\"init\">\n<fieldset class=\"hidden-fields-container\"><input type=\"hidden\" name=\"_wpcf7\" value=\"19547\" \/><input type=\"hidden\" name=\"_wpcf7_version\" value=\"6.1.4\" \/><input type=\"hidden\" name=\"_wpcf7_locale\" value=\"en_US\" \/><input type=\"hidden\" name=\"_wpcf7_unit_tag\" value=\"wpcf7-f19547-o1\" \/><input type=\"hidden\" name=\"_wpcf7_container_post\" value=\"0\" \/><input type=\"hidden\" name=\"_wpcf7_posted_data_hash\" value=\"\" \/><input type=\"hidden\" name=\"_wpcf7_recaptcha_response\" value=\"\" \/>\n<\/fieldset>\n<h3 style=\"margin-bottom:20px;\">Kontaktiere unser Team\n<\/h3>\n<div class=\"one-half-enter\">\n\t<p><label> Vorname*<br \/>\n<span class=\"wpcf7-form-control-wrap\" data-name=\"your-name\"><input size=\"40\" maxlength=\"400\" class=\"wpcf7-form-control wpcf7-text wpcf7-validates-as-required\" aria-required=\"true\" aria-invalid=\"false\" value=\"\" type=\"text\" name=\"your-name\" \/><\/span> <\/label>\n\t<\/p>\n<\/div>\n<div class=\"one-half-enter last-ent\">\n\t<p><label> Nachname*<br \/>\n<span class=\"wpcf7-form-control-wrap\" data-name=\"your-lastname\"><input size=\"40\" maxlength=\"400\" class=\"wpcf7-form-control wpcf7-text wpcf7-validates-as-required\" aria-required=\"true\" aria-invalid=\"false\" value=\"\" type=\"text\" name=\"your-lastname\" \/><\/span> <\/label>\n\t<\/p>\n<\/div>\n<div class=\"one-half-enter ent-spacing \">\n\t<p><label> Gesch\u00e4ftliche Email*<br \/>\n<span class=\"wpcf7-form-control-wrap\" data-name=\"your-email\"><input size=\"40\" maxlength=\"400\" class=\"wpcf7-form-control wpcf7-email wpcf7-validates-as-required wpcf7-text wpcf7-validates-as-email\" aria-required=\"true\" aria-invalid=\"false\" value=\"\" type=\"email\" name=\"your-email\" \/><\/span> <\/label>\n\t<\/p>\n<\/div>\n<div class=\"one-half-enter last-ent ent-spacing\">\n\t<p><label> Jobtitel<br \/>\n<span class=\"wpcf7-form-control-wrap\" data-name=\"your-job\"><input size=\"40\" maxlength=\"400\" class=\"wpcf7-form-control wpcf7-text\" aria-invalid=\"false\" value=\"\" type=\"text\" name=\"your-job\" \/><\/span> <\/label>\n\t<\/p>\n<\/div>\n<div class=\"one-half-enter ent-spacing \">\n\t<p><label> Firmenname*<br \/>\n<span class=\"wpcf7-form-control-wrap\" data-name=\"your-company\"><input size=\"40\" maxlength=\"400\" class=\"wpcf7-form-control wpcf7-text wpcf7-validates-as-required\" aria-required=\"true\" aria-invalid=\"false\" value=\"\" type=\"text\" name=\"your-company\" \/><\/span> <\/label>\n\t<\/p>\n<\/div>\n<div class=\"one-half-enter last-ent ent-spacing \">\n\t<p><label> Firmengr\u00f6\u00dfe*<br \/>\n<span class=\"wpcf7-form-control-wrap\" data-name=\"your-company-size\"><input size=\"40\" maxlength=\"400\" class=\"wpcf7-form-control wpcf7-text wpcf7-validates-as-required\" aria-required=\"true\" aria-invalid=\"false\" value=\"\" type=\"text\" name=\"your-company-size\" \/><\/span> <\/label>\n\t<\/p>\n<\/div>\n<p><label class=\"entmessage\"> Wie willst du Innform nutzen?<br \/>\n<span class=\"wpcf7-form-control-wrap\" data-name=\"your-message\"><textarea cols=\"40\" rows=\"10\" maxlength=\"2000\" class=\"wpcf7-form-control wpcf7-textarea\" aria-invalid=\"false\" name=\"your-message\"><\/textarea><\/span> <\/label>\n<\/p>\n<p><span class=\"wpcf7-form-control-wrap\" data-name=\"acceptance-937\"><span class=\"wpcf7-form-control wpcf7-acceptance\"><span class=\"wpcf7-list-item\"><label><input type=\"checkbox\" name=\"acceptance-937\" value=\"1\" aria-invalid=\"false\" \/><span class=\"wpcf7-list-item-label\">Ich stimme zu, dass Innform meine Daten verarbeitet.<\/span><\/label><\/span><\/span><\/span>\n<\/p>\n<p><input class=\"wpcf7-form-control wpcf7-submit has-spinner\" type=\"submit\" value=\"Senden\" \/>\n<\/p>\n<p style=\"font-size:.9em\">This site is protected by reCAPTCHA and the Google <a href=\"https:\/\/policies.google.com\/privacy\">Privacy Policy<\/a> and <a href=\"https:\/\/policies.google.com\/terms\">Terms of Service<\/a> apply.\n<\/p><div class=\"wpcf7-response-output\" aria-hidden=\"true\"><\/div>\n<\/form>\n<\/div>\n\n\t\t<\/div>\n\t\t\t\t\t<\/div>\n\n\t\n\n\t<div id=\"col-1426633465\" class=\"col medium-6 small-12 large-6\"  >\n\t\t\t\t<div class=\"col-inner\"  >\n\t\t\t\n\t\t\t\n<h3 style=\"font-size: 36px;font-family: sofia-pro;line-height: 41px;font-weight: 800;text-align: center\">\u00dcber 100.000 Lernende weltweit arbeiten mit Innform<\/h3>\n\t<div id=\"gap-1346689990\" class=\"gap-element clearfix\" style=\"display:block; height:auto;\">\n\t\t\n<style>\n#gap-1346689990 {\n  padding-top: 50px;\n}\n<\/style>\n\t<\/div>\n\t\n\t<div id=\"stack-3824366908\" class=\"stack stack-row justify-center items-center\">\n\t\t\n\t<div class=\"img has-hover x md-x lg-x y md-y lg-y\" id=\"image_1619396178\">\n\t\t\t\t\t\t\t\t<div class=\"img-inner dark\" >\n\t\t\t<img loading=\"lazy\" decoding=\"async\" width=\"246\" height=\"168\" src=\"https:\/\/www.innform.io\/wp-content\/uploads\/2020\/12\/logo-1.png\" class=\"attachment-large size-large\" alt=\"\" \/>\t\t\t\t\t\t\n\t\t\t\t\t<\/div>\n\t\t\t\t\t\t\t\t\n<style>\n#image_1619396178 {\n  width: 90%;\n}\n<\/style>\n\t<\/div>\n\t\n\t<div class=\"img has-hover x md-x lg-x y md-y lg-y\" id=\"image_602018058\">\n\t\t\t\t\t\t\t\t<div class=\"img-inner dark\" >\n\t\t\t<img loading=\"lazy\" decoding=\"async\" width=\"320\" height=\"134\" src=\"https:\/\/www.innform.io\/wp-content\/uploads\/2020\/12\/logo-2.png\" class=\"attachment-large size-large\" alt=\"\" srcset=\"https:\/\/www.innform.io\/wp-content\/uploads\/2020\/12\/logo-2.png 320w, https:\/\/www.innform.io\/wp-content\/uploads\/2020\/12\/logo-2-300x126.png 300w\" sizes=\"auto, (max-width: 320px) 100vw, 320px\" \/>\t\t\t\t\t\t\n\t\t\t\t\t<\/div>\n\t\t\t\t\t\t\t\t\n<style>\n#image_602018058 {\n  width: 100%;\n}\n<\/style>\n\t<\/div>\n\t\n\t<div class=\"img has-hover x md-x lg-x y md-y lg-y\" id=\"image_1724752162\">\n\t\t\t\t\t\t\t\t<div class=\"img-inner dark\" >\n\t\t\t<img loading=\"lazy\" decoding=\"async\" width=\"208\" height=\"144\" src=\"https:\/\/www.innform.io\/wp-content\/uploads\/2020\/12\/logo-3.png\" class=\"attachment-large size-large\" alt=\"\" \/>\t\t\t\t\t\t\n\t\t\t\t\t<\/div>\n\t\t\t\t\t\t\t\t\n<style>\n#image_1724752162 {\n  width: 90%;\n}\n<\/style>\n\t<\/div>\n\t\n\t\t\n<style>\n#stack-3824366908 > * {\n  --stack-gap: 1rem;\n}\n@media (min-width:550px) {\n  #stack-3824366908 > * {\n    --stack-gap: 5rem;\n  }\n}\n<\/style>\n\t<\/div>\n\t\n\t<div id=\"gap-1695230108\" class=\"gap-element clearfix\" style=\"display:block; height:auto;\">\n\t\t\n<style>\n#gap-1695230108 {\n  padding-top: 50px;\n}\n<\/style>\n\t<\/div>\n\t\n\t<div id=\"stack-3818338711\" class=\"stack stack-row justify-center items-center\">\n\t\t\n\t<div class=\"img has-hover x md-x lg-x y md-y lg-y\" id=\"image_1517411736\">\n\t\t\t\t\t\t\t\t<div class=\"img-inner dark\" >\n\t\t\t<img loading=\"lazy\" decoding=\"async\" width=\"224\" height=\"64\" src=\"https:\/\/www.innform.io\/wp-content\/uploads\/2020\/12\/logo-10.png\" class=\"attachment-large size-large\" alt=\"\" \/>\t\t\t\t\t\t\n\t\t\t\t\t<\/div>\n\t\t\t\t\t\t\t\t\n<style>\n#image_1517411736 {\n  width: 90%;\n}\n<\/style>\n\t<\/div>\n\t\n\t<div class=\"img has-hover x md-x lg-x y md-y lg-y\" id=\"image_823494912\">\n\t\t\t\t\t\t\t\t<div class=\"img-inner dark\" >\n\t\t\t<img loading=\"lazy\" decoding=\"async\" width=\"258\" height=\"66\" src=\"https:\/\/www.innform.io\/wp-content\/uploads\/2020\/12\/logo-6.png\" class=\"attachment-large size-large\" alt=\"\" \/>\t\t\t\t\t\t\n\t\t\t\t\t<\/div>\n\t\t\t\t\t\t\t\t\n<style>\n#image_823494912 {\n  width: 100%;\n}\n<\/style>\n\t<\/div>\n\t\n\t<div class=\"img has-hover x md-x lg-x y md-y lg-y\" id=\"image_1012676435\">\n\t\t\t\t\t\t\t\t<div class=\"img-inner dark\" >\n\t\t\t<img loading=\"lazy\" decoding=\"async\" width=\"312\" height=\"80\" src=\"https:\/\/www.innform.io\/wp-content\/uploads\/2020\/12\/logo-7.png\" class=\"attachment-large size-large\" alt=\"\" srcset=\"https:\/\/www.innform.io\/wp-content\/uploads\/2020\/12\/logo-7.png 312w, https:\/\/www.innform.io\/wp-content\/uploads\/2020\/12\/logo-7-300x77.png 300w\" sizes=\"auto, (max-width: 312px) 100vw, 312px\" \/>\t\t\t\t\t\t\n\t\t\t\t\t<\/div>\n\t\t\t\t\t\t\t\t\n<style>\n#image_1012676435 {\n  width: 90%;\n}\n<\/style>\n\t<\/div>\n\t\n\t\t\n<style>\n#stack-3818338711 > * {\n  --stack-gap: 1rem;\n}\n@media (min-width:550px) {\n  #stack-3818338711 > * {\n    --stack-gap: 5rem;\n  }\n}\n<\/style>\n\t<\/div>\n\t\n\t<div id=\"gap-1392355595\" class=\"gap-element clearfix\" style=\"display:block; height:auto;\">\n\t\t\n<style>\n#gap-1392355595 {\n  padding-top: 50px;\n}\n<\/style>\n\t<\/div>\n\t\n\t<div id=\"stack-3078020706\" class=\"stack stack-row justify-center items-center\">\n\t\t\n\t<div class=\"img has-hover x md-x lg-x y md-y lg-y\" id=\"image_1826761350\">\n\t\t\t\t\t\t\t\t<div class=\"img-inner dark\" >\n\t\t\t<img loading=\"lazy\" decoding=\"async\" width=\"266\" height=\"110\" src=\"https:\/\/www.innform.io\/wp-content\/uploads\/2020\/12\/logo-4.png\" class=\"attachment-large size-large\" alt=\"\" \/>\t\t\t\t\t\t\n\t\t\t\t\t<\/div>\n\t\t\t\t\t\t\t\t\n<style>\n#image_1826761350 {\n  width: 90%;\n}\n<\/style>\n\t<\/div>\n\t\n\t<div class=\"img has-hover x md-x lg-x y md-y lg-y\" id=\"image_768355730\">\n\t\t\t\t\t\t\t\t<div class=\"img-inner dark\" >\n\t\t\t<img loading=\"lazy\" decoding=\"async\" width=\"272\" height=\"114\" src=\"https:\/\/www.innform.io\/wp-content\/uploads\/2020\/12\/logo-5.png\" class=\"attachment-large size-large\" alt=\"\" \/>\t\t\t\t\t\t\n\t\t\t\t\t<\/div>\n\t\t\t\t\t\t\t\t\n<style>\n#image_768355730 {\n  width: 100%;\n}\n<\/style>\n\t<\/div>\n\t\n\t<div class=\"img has-hover x md-x lg-x y md-y lg-y\" id=\"image_281077846\">\n\t\t\t\t\t\t\t\t<div class=\"img-inner dark\" >\n\t\t\t<img loading=\"lazy\" decoding=\"async\" width=\"290\" height=\"60\" src=\"https:\/\/www.innform.io\/wp-content\/uploads\/2020\/12\/logo-8.png\" class=\"attachment-large size-large\" alt=\"\" \/>\t\t\t\t\t\t\n\t\t\t\t\t<\/div>\n\t\t\t\t\t\t\t\t\n<style>\n#image_281077846 {\n  width: 100%;\n}\n<\/style>\n\t<\/div>\n\t\n\t\t\n<style>\n#stack-3078020706 > * {\n  --stack-gap: 1rem;\n}\n@media (min-width:550px) {\n  #stack-3078020706 > * {\n    --stack-gap: 5rem;\n  }\n}\n<\/style>\n\t<\/div>\n\t\n\t\t<\/div>\n\t\t\t\t\n<style>\n#col-1426633465 > .col-inner {\n  margin: -8px 0px 0px 0px;\n}\n<\/style>\n\t<\/div>\n\n\t\n<\/div>\n\t\t<\/div>\n\t\t\t\t\t<\/div>\n\n\t\n\n\t<div id=\"col-2069560438\" class=\"col medium-1 small-12 large-1\"  >\n\t\t\t\t<div class=\"col-inner\"  >\n\t\t\t\n\t\t\t\n\t\t<\/div>\n\t\t\t\t\t<\/div>\n\n\t\n<\/div>\n\t<div id=\"gap-885892502\" class=\"gap-element clearfix\" style=\"display:block; height:auto;\">\n\t\t\n<style>\n#gap-885892502 {\n  padding-top: 100px;\n}\n<\/style>\n\t<\/div>\n\t\n\t\t<\/div>\n\n\t\t\n<style>\n#section_1475106307 {\n  padding-top: 30px;\n  padding-bottom: 30px;\n}\n<\/style>\n\t<\/section>\n\t\n\t<section class=\"section\" id=\"section_1636276913\">\n\t\t<div class=\"bg section-bg fill bg-fill  bg-loaded\" >\n\n\t\t\t\n\t\t\t\n\t\t\t\n\n\t\t<\/div>\n\n\t\t\n\n\t\t<div class=\"section-content relative\">\n\t\t\t\n<div class=\"row\"  id=\"row-310990068\">\n\n\t<div id=\"col-230515453\" class=\"col medium-9 small-12 large-9\"  >\n\t\t\t\t<div class=\"col-inner\" style=\"background-color:rgb(243, 243, 243);\" >\n\t\t\t\n\t\t\t\n<div style=\"height: 550px\"><\/div>\n\t\t<\/div>\n\t\t\t\t\n<style>\n#col-230515453 > .col-inner {\n  margin: 0px 0 0px -100px;\n}\n<\/style>\n\t<\/div>\n\n\t\n\n\t<div id=\"col-1230604820\" class=\"col medium-3 small-12 large-3\"  >\n\t\t\t\t<div class=\"col-inner\"  >\n\t\t\t\n\t\t\t\n\t\t<\/div>\n\t\t\t\t\t<\/div>\n\n\t\n<\/div>\n\t\t<\/div>\n\n\t\t\n<style>\n#section_1636276913 {\n  padding-top: 30px;\n  padding-bottom: 30px;\n  margin-bottom: -552px;\n}\n<\/style>\n\t<\/section>\n\t\n\t<section class=\"section\" id=\"section_653763686\">\n\t\t<div class=\"bg section-bg fill bg-fill  bg-loaded\" >\n\n\t\t\t\n\t\t\t\n\t\t\t\n\n\t\t<\/div>\n\n\t\t\n\n\t\t<div class=\"section-content relative\">\n\t\t\t\n<div class=\"row\"  id=\"row-1449924619\">\n\n\t<div id=\"col-82199721\" class=\"col medium-1 small-12 large-1\"  >\n\t\t\t\t<div class=\"col-inner\"  >\n\t\t\t\n\t\t\t\n\t\t<\/div>\n\t\t\t\t\t<\/div>\n\n\t\n\n\t<div id=\"col-1200175995\" class=\"col medium-10 small-12 large-10\"  >\n\t\t\t\t<div class=\"col-inner\"  >\n\t\t\t\n\t\t\t\n<div class=\"row\"  id=\"row-1462413648\">\n\n\t<div id=\"col-1683405129\" class=\"col medium-8 small-12 large-8\"  >\n\t\t\t\t<div class=\"col-inner\"  >\n\t\t\t\n\t\t\t\n<h3 style=\"font-size: 40px;font-family: sofia-pro;line-height: 49px;font-weight: 400\">&#8220;Innform beseitigt viele der m\u00fchsamen Prozesse, die keinen Mehrwert f\u00fcr ein LMS bringen, und konzentriert sich auf ein gro\u00dfartiges Erlebnis.<\/h3>\n<p style=\"font-size: 20px;font-family: sofia-pro;font-weight: 300;line-height: 30px;margin-bottom: 0px\">Marina Salar, HR-Managerin bei Alannia Resort<\/p>\n\t\t<\/div>\n\t\t\t\t\n<style>\n#col-1683405129 > .col-inner {\n  padding: 30px 50px 30px 0px;\n}\n<\/style>\n\t<\/div>\n\n\t\n\n\t<div id=\"col-1863322303\" class=\"col medium-4 small-12 large-4\"  >\n\t\t\t\t<div class=\"col-inner\"  >\n\t\t\t\n\t\t\t\n\t<div class=\"img has-hover x md-x lg-x y md-y lg-y\" id=\"image_543698770\">\n\t\t\t\t\t\t\t\t<div class=\"img-inner dark\" style=\"margin:-42px 0px 0px -53px;\">\n\t\t\t<img loading=\"lazy\" decoding=\"async\" width=\"1006\" height=\"956\" src=\"https:\/\/www.innform.io\/wp-content\/uploads\/2021\/03\/marina.png\" class=\"attachment-large size-large\" alt=\"\" srcset=\"https:\/\/www.innform.io\/wp-content\/uploads\/2021\/03\/marina.png 1006w, https:\/\/www.innform.io\/wp-content\/uploads\/2021\/03\/marina-300x285.png 300w, https:\/\/www.innform.io\/wp-content\/uploads\/2021\/03\/marina-768x730.png 768w\" sizes=\"auto, (max-width: 1006px) 100vw, 1006px\" \/>\t\t\t\t\t\t\n\t\t\t\t\t<\/div>\n\t\t\t\t\t\t\t\t\n<style>\n#image_543698770 {\n  width: 83%;\n}\n<\/style>\n\t<\/div>\n\t\n\t\t<\/div>\n\t\t\t\t\t<\/div>\n\n\t\n<\/div>\n\t\t<\/div>\n\t\t\t\t\t<\/div>\n\n\t\n\n\t<div id=\"col-1995654076\" class=\"col medium-1 small-12 large-1\"  >\n\t\t\t\t<div class=\"col-inner\"  >\n\t\t\t\n\t\t\t\n\t\t<\/div>\n\t\t\t\t\t<\/div>\n\n\t\n<\/div>\n\t\t<\/div>\n\n\t\t\n<style>\n#section_653763686 {\n  padding-top: 60px;\n  padding-bottom: 60px;\n}\n<\/style>\n\t<\/section>\n\t\n\t<div id=\"gap-786730103\" class=\"gap-element clearfix\" style=\"display:block; height:auto;\">\n\t\t\n<style>\n#gap-786730103 {\n  padding-top: 100px;\n}\n<\/style>\n\t<\/div>\n\t\n","protected":false},"excerpt":{"rendered":"","protected":false},"author":1,"featured_media":0,"parent":0,"menu_order":0,"comment_status":"closed","ping_status":"closed","template":"page-blank.php","meta":{"footnotes":""},"class_list":["post-19075","page","type-page","status-publish","hentry"],"yoast_head":"<!-- This site is optimized with the Yoast SEO plugin v26.7 - https:\/\/yoast.com\/wordpress\/plugins\/seo\/ -->\n<title>Sales kontaktieren - Innform LMS | Online Training f\u00fcr moderne Teams<\/title>\n<meta name=\"description\" content=\"Kontaktiere Innform f\u00fcr weitere Informationen zu Funktionen, Preispl\u00e4nen, Enterprise Support und Anpassungen oder um ein kostenloses Demo zu buchen.\" \/>\n<meta name=\"robots\" content=\"index, follow, max-snippet:-1, max-image-preview:large, max-video-preview:-1\" \/>\n<link rel=\"canonical\" href=\"https:\/\/www.innform.io\/de\/vertrieb-kontaktieren\/\" \/>\n<meta property=\"og:locale\" content=\"de_DE\" \/>\n<meta property=\"og:type\" content=\"article\" \/>\n<meta property=\"og:title\" content=\"Sales kontaktieren - Innform LMS | Online Training f\u00fcr moderne Teams\" \/>\n<meta property=\"og:description\" content=\"Kontaktiere Innform f\u00fcr weitere Informationen zu Funktionen, Preispl\u00e4nen, Enterprise Support und Anpassungen oder um ein kostenloses Demo zu buchen.\" \/>\n<meta property=\"og:url\" content=\"https:\/\/www.innform.io\/de\/vertrieb-kontaktieren\/\" \/>\n<meta property=\"og:site_name\" content=\"Innform\" \/>\n<meta property=\"article:publisher\" content=\"https:\/\/www.facebook.com\/innformapp\/\" \/>\n<meta property=\"article:modified_time\" content=\"2021-11-30T23:33:45+00:00\" \/>\n<meta property=\"og:image\" content=\"https:\/\/www.innform.io\/wp-content\/uploads\/2020\/12\/innform_web2.png\" \/>\n\t<meta property=\"og:image:width\" content=\"559\" \/>\n\t<meta property=\"og:image:height\" content=\"143\" \/>\n\t<meta property=\"og:image:type\" content=\"image\/png\" \/>\n<meta name=\"twitter:card\" content=\"summary_large_image\" \/>\n<meta name=\"twitter:site\" content=\"@innformapp\" \/>\n<meta name=\"twitter:label1\" content=\"Est. reading time\" \/>\n\t<meta name=\"twitter:data1\" content=\"2 minutes\" \/>\n<script type=\"application\/ld+json\" class=\"yoast-schema-graph\">{\"@context\":\"https:\/\/schema.org\",\"@graph\":[{\"@type\":\"WebPage\",\"@id\":\"https:\/\/www.innform.io\/de\/vertrieb-kontaktieren\/\",\"url\":\"https:\/\/www.innform.io\/de\/vertrieb-kontaktieren\/\",\"name\":\"Sales kontaktieren - Innform LMS | Online Training f\u00fcr moderne Teams\",\"isPartOf\":{\"@id\":\"https:\/\/www.innform.io\/de\/#website\"},\"datePublished\":\"2021-11-27T16:53:37+00:00\",\"dateModified\":\"2021-11-30T23:33:45+00:00\",\"description\":\"Kontaktiere Innform f\u00fcr weitere Informationen zu Funktionen, Preispl\u00e4nen, Enterprise Support und Anpassungen oder um ein kostenloses Demo zu buchen.\",\"breadcrumb\":{\"@id\":\"https:\/\/www.innform.io\/de\/vertrieb-kontaktieren\/#breadcrumb\"},\"inLanguage\":\"de-DE\",\"potentialAction\":[{\"@type\":\"ReadAction\",\"target\":[\"https:\/\/www.innform.io\/de\/vertrieb-kontaktieren\/\"]}]},{\"@type\":\"BreadcrumbList\",\"@id\":\"https:\/\/www.innform.io\/de\/vertrieb-kontaktieren\/#breadcrumb\",\"itemListElement\":[{\"@type\":\"ListItem\",\"position\":1,\"name\":\"Home\",\"item\":\"https:\/\/www.innform.io\/de\/landing-page-new\/\"},{\"@type\":\"ListItem\",\"position\":2,\"name\":\"Sales kontaktieren\"}]},{\"@type\":\"WebSite\",\"@id\":\"https:\/\/www.innform.io\/de\/#website\",\"url\":\"https:\/\/www.innform.io\/de\/\",\"name\":\"Innform\",\"description\":\"\",\"publisher\":{\"@id\":\"https:\/\/www.innform.io\/de\/#organization\"},\"potentialAction\":[{\"@type\":\"SearchAction\",\"target\":{\"@type\":\"EntryPoint\",\"urlTemplate\":\"https:\/\/www.innform.io\/de\/?s={search_term_string}\"},\"query-input\":{\"@type\":\"PropertyValueSpecification\",\"valueRequired\":true,\"valueName\":\"search_term_string\"}}],\"inLanguage\":\"de-DE\"},{\"@type\":\"Organization\",\"@id\":\"https:\/\/www.innform.io\/de\/#organization\",\"name\":\"Innform\",\"url\":\"https:\/\/www.innform.io\/de\/\",\"logo\":{\"@type\":\"ImageObject\",\"inLanguage\":\"de-DE\",\"@id\":\"https:\/\/www.innform.io\/de\/#\/schema\/logo\/image\/\",\"url\":\"https:\/\/www.innform.io\/wp-content\/uploads\/2020\/12\/innform_web2.png\",\"contentUrl\":\"https:\/\/www.innform.io\/wp-content\/uploads\/2020\/12\/innform_web2.png\",\"width\":559,\"height\":143,\"caption\":\"Innform\"},\"image\":{\"@id\":\"https:\/\/www.innform.io\/de\/#\/schema\/logo\/image\/\"},\"sameAs\":[\"https:\/\/www.facebook.com\/innformapp\/\",\"https:\/\/x.com\/innformapp\",\"https:\/\/www.instagram.com\/innform.io\",\"https:\/\/www.linkedin.com\/company\/innform\/\"]}]}<\/script>\n<!-- \/ Yoast SEO plugin. -->","yoast_head_json":{"title":"Sales kontaktieren - Innform LMS | Online Training f\u00fcr moderne Teams","description":"Kontaktiere Innform f\u00fcr weitere Informationen zu Funktionen, Preispl\u00e4nen, Enterprise Support und Anpassungen oder um ein kostenloses Demo zu buchen.","robots":{"index":"index","follow":"follow","max-snippet":"max-snippet:-1","max-image-preview":"max-image-preview:large","max-video-preview":"max-video-preview:-1"},"canonical":"https:\/\/www.innform.io\/de\/vertrieb-kontaktieren\/","og_locale":"de_DE","og_type":"article","og_title":"Sales kontaktieren - Innform LMS | Online Training f\u00fcr moderne Teams","og_description":"Kontaktiere Innform f\u00fcr weitere Informationen zu Funktionen, Preispl\u00e4nen, Enterprise Support und Anpassungen oder um ein kostenloses Demo zu buchen.","og_url":"https:\/\/www.innform.io\/de\/vertrieb-kontaktieren\/","og_site_name":"Innform","article_publisher":"https:\/\/www.facebook.com\/innformapp\/","article_modified_time":"2021-11-30T23:33:45+00:00","og_image":[{"width":559,"height":143,"url":"https:\/\/www.innform.io\/wp-content\/uploads\/2020\/12\/innform_web2.png","type":"image\/png"}],"twitter_card":"summary_large_image","twitter_site":"@innformapp","twitter_misc":{"Est. reading time":"2 minutes"},"schema":{"@context":"https:\/\/schema.org","@graph":[{"@type":"WebPage","@id":"https:\/\/www.innform.io\/de\/vertrieb-kontaktieren\/","url":"https:\/\/www.innform.io\/de\/vertrieb-kontaktieren\/","name":"Sales kontaktieren - Innform LMS | Online Training f\u00fcr moderne Teams","isPartOf":{"@id":"https:\/\/www.innform.io\/de\/#website"},"datePublished":"2021-11-27T16:53:37+00:00","dateModified":"2021-11-30T23:33:45+00:00","description":"Kontaktiere Innform f\u00fcr weitere Informationen zu Funktionen, Preispl\u00e4nen, Enterprise Support und Anpassungen oder um ein kostenloses Demo zu buchen.","breadcrumb":{"@id":"https:\/\/www.innform.io\/de\/vertrieb-kontaktieren\/#breadcrumb"},"inLanguage":"de-DE","potentialAction":[{"@type":"ReadAction","target":["https:\/\/www.innform.io\/de\/vertrieb-kontaktieren\/"]}]},{"@type":"BreadcrumbList","@id":"https:\/\/www.innform.io\/de\/vertrieb-kontaktieren\/#breadcrumb","itemListElement":[{"@type":"ListItem","position":1,"name":"Home","item":"https:\/\/www.innform.io\/de\/landing-page-new\/"},{"@type":"ListItem","position":2,"name":"Sales kontaktieren"}]},{"@type":"WebSite","@id":"https:\/\/www.innform.io\/de\/#website","url":"https:\/\/www.innform.io\/de\/","name":"Innform","description":"","publisher":{"@id":"https:\/\/www.innform.io\/de\/#organization"},"potentialAction":[{"@type":"SearchAction","target":{"@type":"EntryPoint","urlTemplate":"https:\/\/www.innform.io\/de\/?s={search_term_string}"},"query-input":{"@type":"PropertyValueSpecification","valueRequired":true,"valueName":"search_term_string"}}],"inLanguage":"de-DE"},{"@type":"Organization","@id":"https:\/\/www.innform.io\/de\/#organization","name":"Innform","url":"https:\/\/www.innform.io\/de\/","logo":{"@type":"ImageObject","inLanguage":"de-DE","@id":"https:\/\/www.innform.io\/de\/#\/schema\/logo\/image\/","url":"https:\/\/www.innform.io\/wp-content\/uploads\/2020\/12\/innform_web2.png","contentUrl":"https:\/\/www.innform.io\/wp-content\/uploads\/2020\/12\/innform_web2.png","width":559,"height":143,"caption":"Innform"},"image":{"@id":"https:\/\/www.innform.io\/de\/#\/schema\/logo\/image\/"},"sameAs":["https:\/\/www.facebook.com\/innformapp\/","https:\/\/x.com\/innformapp","https:\/\/www.instagram.com\/innform.io","https:\/\/www.linkedin.com\/company\/innform\/"]}]}},"_links":{"self":[{"href":"https:\/\/www.innform.io\/de\/wp-json\/wp\/v2\/pages\/19075","targetHints":{"allow":["GET"]}}],"collection":[{"href":"https:\/\/www.innform.io\/de\/wp-json\/wp\/v2\/pages"}],"about":[{"href":"https:\/\/www.innform.io\/de\/wp-json\/wp\/v2\/types\/page"}],"author":[{"embeddable":true,"href":"https:\/\/www.innform.io\/de\/wp-json\/wp\/v2\/users\/1"}],"replies":[{"embeddable":true,"href":"https:\/\/www.innform.io\/de\/wp-json\/wp\/v2\/comments?post=19075"}],"version-history":[{"count":16,"href":"https:\/\/www.innform.io\/de\/wp-json\/wp\/v2\/pages\/19075\/revisions"}],"predecessor-version":[{"id":19549,"href":"https:\/\/www.innform.io\/de\/wp-json\/wp\/v2\/pages\/19075\/revisions\/19549"}],"wp:attachment":[{"href":"https:\/\/www.innform.io\/de\/wp-json\/wp\/v2\/media?parent=19075"}],"curies":[{"name":"wp","href":"https:\/\/api.w.org\/{rel}","templated":true}]}}