{"id":19067,"date":"2021-11-27T16:46:51","date_gmt":"2021-11-27T16:46:51","guid":{"rendered":"http:\/\/blumen-saurs.com\/sicherheit\/"},"modified":"2024-06-02T19:50:17","modified_gmt":"2024-06-02T19:50:17","slug":"sicherheit","status":"publish","type":"page","link":"https:\/\/www.innform.io\/de\/sicherheit\/","title":{"rendered":"Sicherheit"},"content":{"rendered":"\t<div id=\"gap-211682101\" class=\"gap-element clearfix\" style=\"display:block; height:auto;\">\n\t\t\n<style>\n#gap-211682101 {\n  padding-top: 50px;\n}\n<\/style>\n\t<\/div>\n\t\n\t<section class=\"section\" id=\"section_228955086\">\n\t\t<div class=\"bg section-bg fill bg-fill  bg-loaded\" >\n\n\t\t\t\n\t\t\t\n\t\t\t\n\n\t\t<\/div>\n\n\t\t\n\n\t\t<div class=\"section-content relative\">\n\t\t\t\n<div class=\"row\"  id=\"row-1106801332\">\n\n\t<div id=\"col-1879092998\" class=\"col medium-1 small-12 large-1\"  >\n\t\t\t\t<div class=\"col-inner\"  >\n\t\t\t\n\t\t\t\n\t\t<\/div>\n\t\t\t\t\t<\/div>\n\n\t\n\n\t<div id=\"col-1055141600\" class=\"col medium-10 small-12 large-10\"  >\n\t\t\t\t<div class=\"col-inner\"  >\n\t\t\t\n\t\t\t\n<div class=\"row\"  id=\"row-636580769\">\n\n\t<div id=\"col-1512635710\" class=\"col medium-3 small-12 large-3\"  >\n\t\t\t\t<div class=\"col-inner\"  >\n\t\t\t\n\t\t\t\n\t<div class=\"img has-hover x md-x lg-x y md-y lg-y\" id=\"image_1511547129\">\n\t\t\t\t\t\t\t\t<div class=\"img-inner dark\" >\n\t\t\t<img loading=\"lazy\" decoding=\"async\" width=\"532\" height=\"522\" src=\"https:\/\/www.innform.io\/wp-content\/uploads\/2021\/02\/lock.png\" class=\"attachment-large size-large\" alt=\"\" srcset=\"https:\/\/www.innform.io\/wp-content\/uploads\/2021\/02\/lock.png 532w, https:\/\/www.innform.io\/wp-content\/uploads\/2021\/02\/lock-300x294.png 300w\" sizes=\"auto, (max-width: 532px) 100vw, 532px\" \/>\t\t\t\t\t\t\n\t\t\t\t\t<\/div>\n\t\t\t\t\t\t\t\t\n<style>\n#image_1511547129 {\n  width: 90%;\n}\n<\/style>\n\t<\/div>\n\t\n\t\t<\/div>\n\t\t\t\t\t<\/div>\n\n\t\n\n\t<div id=\"col-106911348\" class=\"col medium-8 small-12 large-8\"  >\n\t\t\t\t<div class=\"col-inner\"  >\n\t\t\t\n\t\t\t\n<p style=\"font-family: sofia-pro; font-weight: 900; color: #0b1a4b !important; font-size: 45px; line-height: 32px; padding-top: 0px; margin-bottom: 40px;\">DSGVO &amp; Sicherheit bei Innform<\/p>\n<p style=\"font-family: sofia-pro; color: #0b1a4b !important; font-size: 20px; line-height: 32px; padding-top: 0px;\">Wir verpflichten uns, die Inhalte und Daten unserer Kunden zu sch\u00fctzen.<br \/>Innform hat es sich zur Aufgabe gemacht, den E-Learningbereich zu revolutionieren. Das Wichtigste bei dieser Aufgabe ist, dass Ihre Daten vertraulich, sicher und DSGVO-konform sind.<\/p>\n<p style=\"font-family: sofia-pro; color: #0b1a4b !important; font-size: 20px; line-height: 32px; padding-top: 0px;\">Hier finden Sie weitere Informationen dar\u00fcber, wie wir Sicherheit handhaben. Wenn Sie weitere Fragen haben, k\u00f6nnen Sie sich gerne an <strong><a href=\"mailto:support@innform.io\">support@innform.io<\/a><\/strong> wenden.<\/p>\n<p style=\"font-family: sofia-pro; font-weight: 900; color: #0b1a4b !important; font-size: 28px; line-height: 32px; padding-top: 20px; margin-bottom: 20px;\">Sicherheitsfeatures f\u00fcr Enterprise Kunden<\/p>\n<p style=\"font-family: sofia-pro; color: #0b1a4b !important; font-size: 20px; line-height: 32px; padding-top: 0px;\">Die Innform Enterprise L\u00f6sung hat zus\u00e4tzliche Funktionen, die es den Kunden erm\u00f6glichen, ihre Konten und Projekte auf mehreren Ebenen zu sichern. Dazu geh\u00f6ren mandantenf\u00e4higes (multi-tenant) Single Sign-On (SSO), IP-Beschr\u00e4nkung, Zugriffsprotokolle und zus\u00e4tzliche Benutzerberechtigungen.<\/p>\n<p style=\"font-family: sofia-pro; font-weight: 900; color: #0b1a4b !important; font-size: 28px; line-height: 32px; padding-top: 20px; margin-bottom: 20px;\">Kommunikation<\/p>\n<p style=\"font-family: sofia-pro; color: #0b1a4b !important; font-size: 20px; line-height: 32px; padding-top: 0px;\">Alle Nutzerdaten werden sicher \u00fcbertragen. Der gesamte Datenverkehr wird w\u00e4hrend der \u00dcbertragung per SSL verschl\u00fcsselt. Die Verschl\u00fcsselung von Daten w\u00e4hrend der \u00dcbertragung sch\u00fctzt sie vor unbefugtem Aussp\u00e4hen, Ver\u00e4nderung und Man-in-the-Middle-Angriffen. Wir verwenden eine 256-Bit-SSL\/TLS.1.2-Verschl\u00fcsselung, die sowohl den ECDSA- als auch den RSA-Algorithmus nutzt.<\/p>\n<p style=\"font-family: sofia-pro; font-weight: 900; color: #0b1a4b !important; font-size: 28px; line-height: 32px; padding-top: 20px; margin-bottom: 20px;\">Sicherheit des Rechenzentrums<\/p>\n<p style=\"font-family: sofia-pro; color: #0b1a4b !important; font-size: 20px; line-height: 32px; padding-top: 0px;\">Unsere Hosting-Umgebung ist vollst\u00e4ndig redundant und verf\u00fcgt \u00fcber Disaster-Recovery-Verfahren. Unsere Cloud-Hosting-Anbieter verf\u00fcgen \u00fcber mehrere Zertifizierungen f\u00fcr ihre Rechenzentren, darunter ISO 27001, PCI-Zertifizierung und SOC. Weitere Informationen zur Zertifizierung und Einhaltung der Vorschriften findest du auf der <a href=\"https:\/\/aws.amazon.com\/security\/\" target=\"_blank\" rel=\"noopener noreferrer\">Amazon AWS-Sicherheitsseite<\/a>.<\/p>\n<p style=\"font-family: sofia-pro; font-weight: 900; color: #0b1a4b !important; font-size: 28px; line-height: 32px; padding-top: 20px; margin-bottom: 20px;\">EU gehostete Infrastruktur<\/p>\n<p style=\"font-family: sofia-pro; color: #0b1a4b !important; font-size: 20px; line-height: 32px; padding-top: 0px;\">Die Infrastruktur von Innform wird auf Servern in der Europ\u00e4ischen Union gehostet. So k\u00f6nnen wir die besonderen Anforderungen von Organisationen in Europa an die Einhaltung von Vorschriften und Bestimmungen erf\u00fcllen. Unser Rechenzentrumsanbieter AWS befindet sich in Deutschland und Frankreich. AWS verf\u00fcgt \u00fcber mehrere Zertifizierungen, darunter SOC 1, SOC 2, SOC 3 und ISO27001. Dar\u00fcber hinaus werden alle personenbezogenen Daten sowohl bei der \u00dcbertragung als auch im Ruhezustand verschl\u00fcsselt.<\/p>\n<p style=\"font-family: sofia-pro; font-weight: 900; color: #0b1a4b !important; font-size: 28px; line-height: 32px; padding-top: 20px; margin-bottom: 20px;\">Kreditkarten<\/p>\n<p style=\"font-family: sofia-pro; color: #0b1a4b !important; font-size: 20px; line-height: 32px; padding-top: 0px;\">Innform speichert keine Kreditkarteninformationen. F\u00fcr die Kreditkartenabwicklung arbeiten wir mit Stripe zusammen, wodurch wir die AES-256-Verschl\u00fcsselung im Ruhezustand und die PCI Service Provider Level 1-Standards f\u00fcr die Speicherung und Verarbeitung von Kreditkartendaten nutzen k\u00f6nnen. Dies ist die h\u00f6chste Zertifizierungsstufe, die es in der Zahlungsverkehrsbranche gibt.<\/p>\n<p style=\"font-family: sofia-pro; font-weight: 900; color: #0b1a4b !important; font-size: 28px; line-height: 32px; padding-top: 20px; margin-bottom: 20px;\">Innforms DSGVO Engagement<\/p>\n<p style=\"font-family: sofia-pro; color: #0b1a4b !important; font-size: 20px; line-height: 32px; padding-top: 0px;\">Als Datenverarbeiter verpflichtet sich Innform, die Allgemeine Datenschutzverordnung einzuhalten und unserer gesetzlichen Verpflichtung nachzukommen, indem wir unseren Kunden dabei helfen, die Verordnung einzuhalten. Wir haben wichtige Aktualisierungen der Richtlinien, Produkte und Bedingungen vorgenommen, die den Schutz der pers\u00f6nlichen Daten und der Rechte der Nutzer\/innen st\u00e4rken.<\/p>\n\t\t<\/div>\n\t\t\t\t\t<\/div>\n\n\t\n\n\t<div id=\"col-1785300625\" class=\"col medium-1 small-12 large-1\"  >\n\t\t\t\t<div class=\"col-inner\"  >\n\t\t\t\n\t\t\t\n\t\t<\/div>\n\t\t\t\t\t<\/div>\n\n\t\n<\/div>\n\t\t<\/div>\n\t\t\t\t\t<\/div>\n\n\t\n\n\t<div id=\"col-1727555379\" class=\"col medium-1 small-12 large-1\"  >\n\t\t\t\t<div class=\"col-inner\"  >\n\t\t\t\n\t\t\t\n\t\t<\/div>\n\t\t\t\t\t<\/div>\n\n\t\n<\/div>\n\t\t<\/div>\n\n\t\t\n<style>\n#section_228955086 {\n  padding-top: 30px;\n  padding-bottom: 30px;\n}\n<\/style>\n\t<\/section>\n\t\n","protected":false},"excerpt":{"rendered":"","protected":false},"author":1,"featured_media":0,"parent":0,"menu_order":0,"comment_status":"closed","ping_status":"closed","template":"page-blank.php","meta":{"footnotes":""},"class_list":["post-19067","page","type-page","status-publish","hentry"],"yoast_head":"<!-- This site is optimized with the Yoast SEO plugin v26.7 - https:\/\/yoast.com\/wordpress\/plugins\/seo\/ -->\n<title>Sicherheit - Innform LMS | Online Training f\u00fcr moderne Teams<\/title>\n<meta name=\"description\" content=\"Innform LMS ist eine cloudbasierte Online-Trainingssoftware, die f\u00fcr moderne Teams entwickelt wurde. Erstelle, weise zu und verfolge Schulungen von einem Ort aus.\" \/>\n<meta name=\"robots\" content=\"index, follow, max-snippet:-1, max-image-preview:large, max-video-preview:-1\" \/>\n<link rel=\"canonical\" href=\"https:\/\/www.innform.io\/de\/sicherheit\/\" \/>\n<meta property=\"og:locale\" content=\"de_DE\" \/>\n<meta property=\"og:type\" content=\"article\" \/>\n<meta property=\"og:title\" content=\"Sicherheit - Innform LMS | Online Training f\u00fcr moderne Teams\" \/>\n<meta property=\"og:description\" content=\"Innform LMS ist eine cloudbasierte Online-Trainingssoftware, die f\u00fcr moderne Teams entwickelt wurde. Erstelle, weise zu und verfolge Schulungen von einem Ort aus.\" \/>\n<meta property=\"og:url\" content=\"https:\/\/www.innform.io\/de\/sicherheit\/\" \/>\n<meta property=\"og:site_name\" content=\"Innform\" \/>\n<meta property=\"article:publisher\" content=\"https:\/\/www.facebook.com\/innformapp\/\" \/>\n<meta property=\"article:modified_time\" content=\"2024-06-02T19:50:17+00:00\" \/>\n<meta property=\"og:image\" content=\"https:\/\/www.innform.io\/wp-content\/uploads\/2020\/12\/innform_web2.png\" \/>\n\t<meta property=\"og:image:width\" content=\"559\" \/>\n\t<meta property=\"og:image:height\" content=\"143\" \/>\n\t<meta property=\"og:image:type\" content=\"image\/png\" \/>\n<meta name=\"twitter:card\" content=\"summary_large_image\" \/>\n<meta name=\"twitter:site\" content=\"@innformapp\" \/>\n<meta name=\"twitter:label1\" content=\"Est. reading time\" \/>\n\t<meta name=\"twitter:data1\" content=\"2 minutes\" \/>\n<script type=\"application\/ld+json\" class=\"yoast-schema-graph\">{\"@context\":\"https:\/\/schema.org\",\"@graph\":[{\"@type\":\"WebPage\",\"@id\":\"https:\/\/www.innform.io\/de\/sicherheit\/\",\"url\":\"https:\/\/www.innform.io\/de\/sicherheit\/\",\"name\":\"Sicherheit - Innform LMS | Online Training f\u00fcr moderne Teams\",\"isPartOf\":{\"@id\":\"https:\/\/www.innform.io\/de\/#website\"},\"datePublished\":\"2021-11-27T16:46:51+00:00\",\"dateModified\":\"2024-06-02T19:50:17+00:00\",\"description\":\"Innform LMS ist eine cloudbasierte Online-Trainingssoftware, die f\u00fcr moderne Teams entwickelt wurde. Erstelle, weise zu und verfolge Schulungen von einem Ort aus.\",\"breadcrumb\":{\"@id\":\"https:\/\/www.innform.io\/de\/sicherheit\/#breadcrumb\"},\"inLanguage\":\"de-DE\",\"potentialAction\":[{\"@type\":\"ReadAction\",\"target\":[\"https:\/\/www.innform.io\/de\/sicherheit\/\"]}]},{\"@type\":\"BreadcrumbList\",\"@id\":\"https:\/\/www.innform.io\/de\/sicherheit\/#breadcrumb\",\"itemListElement\":[{\"@type\":\"ListItem\",\"position\":1,\"name\":\"Home\",\"item\":\"https:\/\/www.innform.io\/de\/landing-page-new\/\"},{\"@type\":\"ListItem\",\"position\":2,\"name\":\"Sicherheit\"}]},{\"@type\":\"WebSite\",\"@id\":\"https:\/\/www.innform.io\/de\/#website\",\"url\":\"https:\/\/www.innform.io\/de\/\",\"name\":\"Innform\",\"description\":\"\",\"publisher\":{\"@id\":\"https:\/\/www.innform.io\/de\/#organization\"},\"potentialAction\":[{\"@type\":\"SearchAction\",\"target\":{\"@type\":\"EntryPoint\",\"urlTemplate\":\"https:\/\/www.innform.io\/de\/?s={search_term_string}\"},\"query-input\":{\"@type\":\"PropertyValueSpecification\",\"valueRequired\":true,\"valueName\":\"search_term_string\"}}],\"inLanguage\":\"de-DE\"},{\"@type\":\"Organization\",\"@id\":\"https:\/\/www.innform.io\/de\/#organization\",\"name\":\"Innform\",\"url\":\"https:\/\/www.innform.io\/de\/\",\"logo\":{\"@type\":\"ImageObject\",\"inLanguage\":\"de-DE\",\"@id\":\"https:\/\/www.innform.io\/de\/#\/schema\/logo\/image\/\",\"url\":\"https:\/\/www.innform.io\/wp-content\/uploads\/2020\/12\/innform_web2.png\",\"contentUrl\":\"https:\/\/www.innform.io\/wp-content\/uploads\/2020\/12\/innform_web2.png\",\"width\":559,\"height\":143,\"caption\":\"Innform\"},\"image\":{\"@id\":\"https:\/\/www.innform.io\/de\/#\/schema\/logo\/image\/\"},\"sameAs\":[\"https:\/\/www.facebook.com\/innformapp\/\",\"https:\/\/x.com\/innformapp\",\"https:\/\/www.instagram.com\/innform.io\",\"https:\/\/www.linkedin.com\/company\/innform\/\"]}]}<\/script>\n<!-- \/ Yoast SEO plugin. -->","yoast_head_json":{"title":"Sicherheit - Innform LMS | Online Training f\u00fcr moderne Teams","description":"Innform LMS ist eine cloudbasierte Online-Trainingssoftware, die f\u00fcr moderne Teams entwickelt wurde. Erstelle, weise zu und verfolge Schulungen von einem Ort aus.","robots":{"index":"index","follow":"follow","max-snippet":"max-snippet:-1","max-image-preview":"max-image-preview:large","max-video-preview":"max-video-preview:-1"},"canonical":"https:\/\/www.innform.io\/de\/sicherheit\/","og_locale":"de_DE","og_type":"article","og_title":"Sicherheit - Innform LMS | Online Training f\u00fcr moderne Teams","og_description":"Innform LMS ist eine cloudbasierte Online-Trainingssoftware, die f\u00fcr moderne Teams entwickelt wurde. Erstelle, weise zu und verfolge Schulungen von einem Ort aus.","og_url":"https:\/\/www.innform.io\/de\/sicherheit\/","og_site_name":"Innform","article_publisher":"https:\/\/www.facebook.com\/innformapp\/","article_modified_time":"2024-06-02T19:50:17+00:00","og_image":[{"width":559,"height":143,"url":"https:\/\/www.innform.io\/wp-content\/uploads\/2020\/12\/innform_web2.png","type":"image\/png"}],"twitter_card":"summary_large_image","twitter_site":"@innformapp","twitter_misc":{"Est. reading time":"2 minutes"},"schema":{"@context":"https:\/\/schema.org","@graph":[{"@type":"WebPage","@id":"https:\/\/www.innform.io\/de\/sicherheit\/","url":"https:\/\/www.innform.io\/de\/sicherheit\/","name":"Sicherheit - Innform LMS | Online Training f\u00fcr moderne Teams","isPartOf":{"@id":"https:\/\/www.innform.io\/de\/#website"},"datePublished":"2021-11-27T16:46:51+00:00","dateModified":"2024-06-02T19:50:17+00:00","description":"Innform LMS ist eine cloudbasierte Online-Trainingssoftware, die f\u00fcr moderne Teams entwickelt wurde. Erstelle, weise zu und verfolge Schulungen von einem Ort aus.","breadcrumb":{"@id":"https:\/\/www.innform.io\/de\/sicherheit\/#breadcrumb"},"inLanguage":"de-DE","potentialAction":[{"@type":"ReadAction","target":["https:\/\/www.innform.io\/de\/sicherheit\/"]}]},{"@type":"BreadcrumbList","@id":"https:\/\/www.innform.io\/de\/sicherheit\/#breadcrumb","itemListElement":[{"@type":"ListItem","position":1,"name":"Home","item":"https:\/\/www.innform.io\/de\/landing-page-new\/"},{"@type":"ListItem","position":2,"name":"Sicherheit"}]},{"@type":"WebSite","@id":"https:\/\/www.innform.io\/de\/#website","url":"https:\/\/www.innform.io\/de\/","name":"Innform","description":"","publisher":{"@id":"https:\/\/www.innform.io\/de\/#organization"},"potentialAction":[{"@type":"SearchAction","target":{"@type":"EntryPoint","urlTemplate":"https:\/\/www.innform.io\/de\/?s={search_term_string}"},"query-input":{"@type":"PropertyValueSpecification","valueRequired":true,"valueName":"search_term_string"}}],"inLanguage":"de-DE"},{"@type":"Organization","@id":"https:\/\/www.innform.io\/de\/#organization","name":"Innform","url":"https:\/\/www.innform.io\/de\/","logo":{"@type":"ImageObject","inLanguage":"de-DE","@id":"https:\/\/www.innform.io\/de\/#\/schema\/logo\/image\/","url":"https:\/\/www.innform.io\/wp-content\/uploads\/2020\/12\/innform_web2.png","contentUrl":"https:\/\/www.innform.io\/wp-content\/uploads\/2020\/12\/innform_web2.png","width":559,"height":143,"caption":"Innform"},"image":{"@id":"https:\/\/www.innform.io\/de\/#\/schema\/logo\/image\/"},"sameAs":["https:\/\/www.facebook.com\/innformapp\/","https:\/\/x.com\/innformapp","https:\/\/www.instagram.com\/innform.io","https:\/\/www.linkedin.com\/company\/innform\/"]}]}},"_links":{"self":[{"href":"https:\/\/www.innform.io\/de\/wp-json\/wp\/v2\/pages\/19067","targetHints":{"allow":["GET"]}}],"collection":[{"href":"https:\/\/www.innform.io\/de\/wp-json\/wp\/v2\/pages"}],"about":[{"href":"https:\/\/www.innform.io\/de\/wp-json\/wp\/v2\/types\/page"}],"author":[{"embeddable":true,"href":"https:\/\/www.innform.io\/de\/wp-json\/wp\/v2\/users\/1"}],"replies":[{"embeddable":true,"href":"https:\/\/www.innform.io\/de\/wp-json\/wp\/v2\/comments?post=19067"}],"version-history":[{"count":11,"href":"https:\/\/www.innform.io\/de\/wp-json\/wp\/v2\/pages\/19067\/revisions"}],"predecessor-version":[{"id":29597,"href":"https:\/\/www.innform.io\/de\/wp-json\/wp\/v2\/pages\/19067\/revisions\/29597"}],"wp:attachment":[{"href":"https:\/\/www.innform.io\/de\/wp-json\/wp\/v2\/media?parent=19067"}],"curies":[{"name":"wp","href":"https:\/\/api.w.org\/{rel}","templated":true}]}}